{"id":1552,"date":"2025-05-15T19:55:38","date_gmt":"2025-05-15T19:55:38","guid":{"rendered":"https:\/\/www.implan.rosamoradanay.gob.mx\/blog\/?page_id=1552"},"modified":"2025-06-05T20:29:18","modified_gmt":"2025-06-05T20:29:18","slug":"primer-trimestre-2025","status":"publish","type":"page","link":"https:\/\/www.implan.rosamoradanay.gob.mx\/blog\/primer-trimestre-2025\/","title":{"rendered":"Primer trimestre 2025"},"content":{"rendered":"\n<figure class=\"wp-block-table\"><table class=\"has-fixed-layout\"><tbody><tr><td><a href=\"http:\/\/www.implan.rosamoradanay.gob.mx\/blog\/wp-content\/uploads\/2025\/05\/D.1.11.pdf\">&nbsp;D.1.11 Publica la informaci\u00f3n de los montos efectivamente pagados durante el periodo por concepto de ayudas y subsidios<\/a><\/td><\/tr><tr><td><a href=\"http:\/\/www.implan.rosamoradanay.gob.mx\/blog\/wp-content\/uploads\/2025\/05\/ESTADO-DE-ACTIVIDADES.pdf\">\u00a0<\/a><a href=\"http:\/\/www.implan.rosamoradanay.gob.mx\/blog\/wp-content\/uploads\/2025\/06\/D.2.1.pdf\">D.2.1 Publica el Estado de Actividades<\/a><\/td><\/tr><tr><td><a href=\"http:\/\/www.implan.rosamoradanay.gob.mx\/blog\/wp-content\/uploads\/2025\/06\/D2.2.pdf\">\u00a0D.2.2 Publica el Estado de Situaci\u00f3n Financiera<\/a><\/td><\/tr><tr><td><a href=\"http:\/\/www.implan.rosamoradanay.gob.mx\/blog\/wp-content\/uploads\/2025\/06\/D.2.3.pdf\">\u00a0D.2.3 Publica el Estado de Variaci\u00f3n en la Hacienda P\u00fablica<\/a><\/td><\/tr><tr><td><a href=\"http:\/\/www.implan.rosamoradanay.gob.mx\/blog\/wp-content\/uploads\/2025\/06\/D.2.4.pdf\">\u00a0D.2.4 Publica el Estado de Cambios en la Situaci\u00f3n Financiera<\/a><\/td><\/tr><tr><td><a href=\"http:\/\/www.implan.rosamoradanay.gob.mx\/blog\/wp-content\/uploads\/2025\/06\/D.2.5.pdf\">\u00a0D.2.5 Publica el Estado de Flujos de Efectivo<\/a><\/td><\/tr><tr><td><a href=\"http:\/\/www.implan.rosamoradanay.gob.mx\/blog\/wp-content\/uploads\/2025\/06\/D.2.6.pdf\">\u00a0D.2.6 Publica el Informe sobre Pasivos Contingentes<\/a><\/td><\/tr><tr><td><a href=\"http:\/\/www.implan.rosamoradanay.gob.mx\/blog\/wp-content\/uploads\/2025\/06\/D.2.7.pdf\">D.2.7 Publica las Notas a los Estados Financieros<\/a><\/td><\/tr><tr><td><a href=\"http:\/\/www.implan.rosamoradanay.gob.mx\/blog\/wp-content\/uploads\/2025\/06\/D.2.8.pdf\">D.2.8 Publica el Estado Anal\u00edtico del Activo<\/a><\/td><\/tr><tr><td><a href=\"http:\/\/www.implan.rosamoradanay.gob.mx\/blog\/wp-content\/uploads\/2025\/06\/D.2.9.pdf\">D.2.9 Publica el Estado Anal\u00edtico de la Deuda y Otros Pasivos<\/a><\/td><\/tr><tr><td><a href=\"http:\/\/www.implan.rosamoradanay.gob.mx\/blog\/wp-content\/uploads\/2025\/05\/Estado-Analitico-de-Ingresos.pdf\">D.3.1 Publica el Estado Anal\u00edtico de Ingresos<\/a><\/td><\/tr><tr><td><a href=\"http:\/\/www.implan.rosamoradanay.gob.mx\/blog\/wp-content\/uploads\/2025\/05\/Estado-Analitico-del-Ejercicio-del-Presupuesto-de-Egresos-con-base-en-la-Clasificacion-Administrativa.pdf\">D.3.2 Publica el Estado Anal\u00edtico del Ejercicio del Presupuesto de Egresos con base en la Clasificaci\u00f3n Administrativa<\/a><\/td><\/tr><tr><td><a href=\"http:\/\/D.3.3 Publica el Estado Anal\u00edtico del Ejercicio del Presupuesto de Egresos con base en la Clasificaci\u00f3n Econ\u00f3mica (por Tipo de Gasto)\">D.3.3 Publica el Estado Anal\u00edtico del Ejercicio del Presupuesto de Egresos con base en la Clasificaci\u00f3n Econ\u00f3mica (por Tipo de Gasto)<\/a><\/td><\/tr><tr><td><a href=\"http:\/\/www.implan.rosamoradanay.gob.mx\/blog\/wp-content\/uploads\/2025\/05\/Estado-Analitico-del-Ejercicio-del-Presupuesto-de-Egresos-con-base-en-la-Clasificacion-por-Objeto-del-Gasto.pdf\">D.3.4 Publica el Estado Anal\u00edtico del Ejercicio del Presupuesto de Egresos con base en la Clasificaci\u00f3n por Objeto del Gasto<\/a><\/td><\/tr><tr><td><a href=\"http:\/\/www.implan.rosamoradanay.gob.mx\/blog\/wp-content\/uploads\/2025\/06\/D.3.5.pdf\">D.3.5 Publica el Estado Anal\u00edtico del Ejercicio del Presupuesto de Egresos con base en la Clasificaci\u00f3n Funcional<\/a><\/td><\/tr><\/tbody><\/table><\/figure>\n\n\n\n<figure class=\"wp-block-table\"><table class=\"has-fixed-layout\"><tbody><tr><td><a href=\"http:\/\/www.implan.rosamoradanay.gob.mx\/blog\/wp-content\/uploads\/2025\/05\/EndeudamientoNeto.pdf\">&nbsp;D.3.6 Publica el Endeudamiento Neto<\/a><\/td><\/tr><tr><td><a href=\"http:\/\/www.implan.rosamoradanay.gob.mx\/blog\/wp-content\/uploads\/2025\/05\/InteresesdelaDeuda.pdf\">&nbsp;D.3.7 Publica Intereses de la Deuda<\/a><\/td><\/tr><tr><td>&nbsp;<a href=\"http:\/\/www.implan.rosamoradanay.gob.mx\/blog\/wp-content\/uploads\/2025\/05\/Gasto-por-categoria-Programatica.pdf\">D.4.1 Publica el Gasto por Categor\u00eda Program\u00e1tica<\/a><\/td><\/tr><tr><td>&nbsp;<a href=\"http:\/\/www.implan.rosamoradanay.gob.mx\/blog\/wp-content\/uploads\/2025\/05\/rptIndicadores.pdf\">D.4.2 Publica los Indicadores de Resultados<\/a><\/td><\/tr><tr><td>&nbsp;D.4.3 Publica los Programas y Proyectos de Inversi\u00f3n<\/td><\/tr><\/tbody><\/table><\/figure>\n\n\n\n<p><\/p>\n","protected":false},"excerpt":{"rendered":"<p>&nbsp;D.1.11 Publica la informaci\u00f3n de los montos efectivamente pagados durante el periodo por concepto de ayudas y subsidios \u00a0D.2.1 Publica el Estado de Actividades \u00a0D.2.2 Publica el Estado de Situaci\u00f3n Financiera \u00a0D.2.3 Publica el Estado de Variaci\u00f3n en la Hacienda P\u00fablica \u00a0D.2.4 Publica el Estado de Cambios en la Situaci\u00f3n Financiera \u00a0D.2.5 Publica el Estado [&hellip;]<\/p>\n","protected":false},"author":1,"featured_media":0,"parent":0,"menu_order":0,"comment_status":"closed","ping_status":"closed","template":"","meta":{"site-sidebar-layout":"default","site-content-layout":"","ast-site-content-layout":"default","site-content-style":"default","site-sidebar-style":"default","ast-global-header-display":"","ast-banner-title-visibility":"","ast-main-header-display":"","ast-hfb-above-header-display":"","ast-hfb-below-header-display":"","ast-hfb-mobile-header-display":"","site-post-title":"","ast-breadcrumbs-content":"","ast-featured-img":"","footer-sml-layout":"","theme-transparent-header-meta":"","adv-header-id-meta":"","stick-header-meta":"","header-above-stick-meta":"","header-main-stick-meta":"","header-below-stick-meta":"","astra-migrate-meta-layouts":"set","ast-page-background-enabled":"default","ast-page-background-meta":{"desktop":{"background-color":"","background-image":"","background-repeat":"repeat","background-position":"center center","background-size":"auto","background-attachment":"scroll","background-type":"","background-media":"","overlay-type":"","overlay-color":"","overlay-opacity":"","overlay-gradient":""},"tablet":{"background-color":"","background-image":"","background-repeat":"repeat","background-position":"center center","background-size":"auto","background-attachment":"scroll","background-type":"","background-media":"","overlay-type":"","overlay-color":"","overlay-opacity":"","overlay-gradient":""},"mobile":{"background-color":"","background-image":"","background-repeat":"repeat","background-position":"center center","background-size":"auto","background-attachment":"scroll","background-type":"","background-media":"","overlay-type":"","overlay-color":"","overlay-opacity":"","overlay-gradient":""}},"ast-content-background-meta":{"desktop":{"background-color":"var(--ast-global-color-5)","background-image":"","background-repeat":"repeat","background-position":"center center","background-size":"auto","background-attachment":"scroll","background-type":"","background-media":"","overlay-type":"","overlay-color":"","overlay-opacity":"","overlay-gradient":""},"tablet":{"background-color":"var(--ast-global-color-5)","background-image":"","background-repeat":"repeat","background-position":"center center","background-size":"auto","background-attachment":"scroll","background-type":"","background-media":"","overlay-type":"","overlay-color":"","overlay-opacity":"","overlay-gradient":""},"mobile":{"background-color":"var(--ast-global-color-5)","background-image":"","background-repeat":"repeat","background-position":"center center","background-size":"auto","background-attachment":"scroll","background-type":"","background-media":"","overlay-type":"","overlay-color":"","overlay-opacity":"","overlay-gradient":""}},"footnotes":""},"class_list":["post-1552","page","type-page","status-publish","hentry"],"_links":{"self":[{"href":"https:\/\/www.implan.rosamoradanay.gob.mx\/blog\/wp-json\/wp\/v2\/pages\/1552","targetHints":{"allow":["GET"]}}],"collection":[{"href":"https:\/\/www.implan.rosamoradanay.gob.mx\/blog\/wp-json\/wp\/v2\/pages"}],"about":[{"href":"https:\/\/www.implan.rosamoradanay.gob.mx\/blog\/wp-json\/wp\/v2\/types\/page"}],"author":[{"embeddable":true,"href":"https:\/\/www.implan.rosamoradanay.gob.mx\/blog\/wp-json\/wp\/v2\/users\/1"}],"replies":[{"embeddable":true,"href":"https:\/\/www.implan.rosamoradanay.gob.mx\/blog\/wp-json\/wp\/v2\/comments?post=1552"}],"version-history":[{"count":21,"href":"https:\/\/www.implan.rosamoradanay.gob.mx\/blog\/wp-json\/wp\/v2\/pages\/1552\/revisions"}],"predecessor-version":[{"id":1613,"href":"https:\/\/www.implan.rosamoradanay.gob.mx\/blog\/wp-json\/wp\/v2\/pages\/1552\/revisions\/1613"}],"wp:attachment":[{"href":"https:\/\/www.implan.rosamoradanay.gob.mx\/blog\/wp-json\/wp\/v2\/media?parent=1552"}],"curies":[{"name":"wp","href":"https:\/\/api.w.org\/{rel}","templated":true}]}}