{"id":2273,"date":"2025-10-30T05:31:01","date_gmt":"2025-10-30T05:31:01","guid":{"rendered":"https:\/\/www.implan.rosamoradanay.gob.mx\/blog\/?page_id=2273"},"modified":"2025-12-09T21:53:03","modified_gmt":"2025-12-09T21:53:03","slug":"tercer-trimestre-2025","status":"publish","type":"page","link":"https:\/\/www.implan.rosamoradanay.gob.mx\/blog\/tercer-trimestre-2025\/","title":{"rendered":"Tercer Trimestre 2025"},"content":{"rendered":"\n<figure class=\"wp-block-table\"><table class=\"has-fixed-layout\"><tbody><tr><td><a href=\"http:\/\/www.implan.rosamoradanay.gob.mx\/blog\/wp-content\/uploads\/2025\/10\/D.1.11.pdf\"><strong>D.1.11 Publica la informaci\u00f3n de los montos efectivamente pagados durante el periodo por concepto de ayudas y subsidios<\/strong><\/a><\/td><\/tr><tr><td><a href=\"http:\/\/www.implan.rosamoradanay.gob.mx\/blog\/wp-content\/uploads\/2025\/10\/D.2.1.pdf\"><strong>D.2.1 Publica el Estado de Actividades<\/strong><\/a><\/td><\/tr><tr><td><a href=\"http:\/\/www.implan.rosamoradanay.gob.mx\/blog\/wp-content\/uploads\/2025\/10\/D.2.2.pdf\"><strong>D.2.2 Publica el Estado de Situaci\u00f3n Financiera<\/strong><\/a><\/td><\/tr><tr><td><a href=\"http:\/\/www.implan.rosamoradanay.gob.mx\/blog\/wp-content\/uploads\/2025\/10\/D.2.3.pdf\"><strong>D.2.3 Publica el Estado de Variaci\u00f3n en la Hacienda P\u00fablica<\/strong><\/a><\/td><\/tr><tr><td><a href=\"http:\/\/www.implan.rosamoradanay.gob.mx\/blog\/wp-content\/uploads\/2025\/10\/D.2.4.pdf\"><strong>D.2.4 Publica el Estado de Cambios en la Situaci\u00f3n Financiera<\/strong><\/a><\/td><\/tr><tr><td><a href=\"http:\/\/www.implan.rosamoradanay.gob.mx\/blog\/wp-content\/uploads\/2025\/10\/D.2.5.pdf\"><strong>D.2.5 Publica el Estado de Flujos de Efectivo<\/strong><\/a><\/td><\/tr><tr><td><a href=\"http:\/\/www.implan.rosamoradanay.gob.mx\/blog\/wp-content\/uploads\/2025\/10\/D.2.6.pdf\"><strong>D.2.6 Publica el Informe sobre Pasivos Contingentes<\/strong><\/a><\/td><\/tr><tr><td><strong><a href=\"http:\/\/www.implan.rosamoradanay.gob.mx\/blog\/wp-content\/uploads\/2025\/12\/Notas_Estados_Financieros.pdf\">D.2.7 Publica las Notas a los Estados Financieros<\/a><\/strong><\/td><\/tr><tr><td><a href=\"http:\/\/www.implan.rosamoradanay.gob.mx\/blog\/wp-content\/uploads\/2025\/10\/D.2.8.pdf\"><strong>D.2.8 Publica el Estado Anal\u00edtico del Activo<\/strong><\/a><\/td><\/tr><tr><td><a href=\"http:\/\/www.implan.rosamoradanay.gob.mx\/blog\/wp-content\/uploads\/2025\/10\/D.2.9.pdf\"><strong>D.2.9 Publica el Estado Anal\u00edtico de la Deuda y Otros Pasivos<\/strong><\/a><\/td><\/tr><tr><td><a href=\"http:\/\/www.implan.rosamoradanay.gob.mx\/blog\/wp-content\/uploads\/2025\/10\/D.3.1.pdf\"><strong>D.3.1 Publica el Estado Anal\u00edtico de Ingresos<\/strong><\/a><\/td><\/tr><tr><td><a href=\"http:\/\/www.implan.rosamoradanay.gob.mx\/blog\/wp-content\/uploads\/2025\/10\/D.3.2.pdf\"><strong>D.3.2 Publica el Estado Anal\u00edtico del Ejercicio del Presupuesto de Egresos con base en la Clasificaci\u00f3n Administrativa<\/strong><\/a><\/td><\/tr><tr><td><a href=\"http:\/\/www.implan.rosamoradanay.gob.mx\/blog\/wp-content\/uploads\/2025\/10\/D.3.3.pdf\"><strong>D.3.3 Publica el Estado Anal\u00edtico del Ejercicio del Presupuesto de Egresos con base en la Clasificaci\u00f3n Econ\u00f3mica (por Tipo de Gasto)<\/strong><\/a><\/td><\/tr><tr><td><a href=\"http:\/\/www.implan.rosamoradanay.gob.mx\/blog\/wp-content\/uploads\/2025\/10\/D.3.4.pdf\"><strong>D.3.4 Publica el Estado Anal\u00edtico del Ejercicio del Presupuesto de Egresos con base en la Clasificaci\u00f3n por Objeto del Gasto<\/strong><\/a><\/td><\/tr><tr><td><a href=\"http:\/\/www.implan.rosamoradanay.gob.mx\/blog\/wp-content\/uploads\/2025\/10\/D.3.5.pdf\"><strong>D.3.5 Publica el Estado Anal\u00edtico del Ejercicio del Presupuesto de Egresos con base en la Clasificaci\u00f3n Funcional<\/strong><\/a><\/td><\/tr><tr><td><a href=\"http:\/\/www.implan.rosamoradanay.gob.mx\/blog\/wp-content\/uploads\/2025\/10\/D.3.6.pdf\"><strong>D.3.6 Publica el Endeudamiento Neto<\/strong><\/a><\/td><\/tr><tr><td><a href=\"http:\/\/www.implan.rosamoradanay.gob.mx\/blog\/wp-content\/uploads\/2025\/10\/D.3.7.pdf\"><strong>D.3.7 Publica Intereses de la Deuda<\/strong><\/a><\/td><\/tr><tr><td><a href=\"http:\/\/www.implan.rosamoradanay.gob.mx\/blog\/wp-content\/uploads\/2025\/10\/D.4.1.pdf\"><strong>D.4.1 Publica el Gasto por Categor\u00eda Program\u00e1tica<\/strong><\/a><\/td><\/tr><tr><td><a href=\"http:\/\/www.implan.rosamoradanay.gob.mx\/blog\/wp-content\/uploads\/2025\/10\/D.4.2.pdf\"><strong>D.4.2 Publica los Indicadores de Resultados<\/strong><\/a><\/td><\/tr><tr><td><a href=\"http:\/\/www.implan.rosamoradanay.gob.mx\/blog\/wp-content\/uploads\/2025\/11\/D.4.3-proyectos-y-programas-de-inversion.pdf\"><strong>D.4.3 Publica los Programas y Proyectos de Inversi\u00f3n<\/strong><\/a><\/td><\/tr><tr><td><strong><a href=\"http:\/\/www.implan.rosamoradanay.gob.mx\/blog\/wp-content\/uploads\/2025\/11\/F_ISC_18_paramunicipal.pdf\">D.6.1 Proporcione la informaci\u00f3n del Sistema de Contabilidad Gubernamental que utiliza su ente p\u00fablico, adjuntando el archivo PDF editable enviado por correo<\/a><\/strong><\/td><\/tr><tr><td><strong><a href=\"http:\/\/www.implan.rosamoradanay.gob.mx\/blog\/wp-content\/uploads\/2025\/11\/D.6.2.pdf\">D.6.2 Cuenta con la liga de publicaci\u00f3n de la cuenta p\u00fablica 2020 del ente p\u00fablico que representa<\/a><\/strong><\/td><\/tr><tr><td><strong><a href=\"http:\/\/www.implan.rosamoradanay.gob.mx\/blog\/wp-content\/uploads\/2025\/11\/D.6.3.pdf\">D.6.3 Cuenta con la liga de publicaci\u00f3n de la cuenta p\u00fablica 2021 del ente p\u00fablico que representa<\/a><\/strong><\/td><\/tr><tr><td><a href=\"http:\/\/www.implan.rosamoradanay.gob.mx\/blog\/wp-content\/uploads\/2025\/10\/CP-2022-IMPLAN.pdf\"><strong>D.6.4 Cuenta con la liga de publicaci\u00f3n de la cuenta p\u00fablica 2022 del ente p\u00fablico que representa<\/strong><\/a><\/td><\/tr><tr><td><a href=\"http:\/\/www.implan.rosamoradanay.gob.mx\/blog\/wp-content\/uploads\/2025\/10\/CUENTA_PUBLICA_2023_IMPLAN.pdf\"><strong>D.6.5 Cuenta con la liga de publicaci\u00f3n de la cuenta p\u00fablica 2023 del ente p\u00fablico que representa<\/strong><\/a><\/td><\/tr><tr><td><a href=\"https:\/\/www.implan.rosamoradanay.gob.mx\/blog\/wp-content\/uploads\/2025\/09\/cuenta-publica-implan-2024.pdf\"><strong>D.6.6 Cuenta con la liga de publicaci\u00f3n de la cuenta p\u00fablica 2024 del ente p\u00fablico que representa<\/strong><\/a><\/td><\/tr><tr><td><strong><a href=\"http:\/\/www.implan.rosamoradanay.gob.mx\/blog\/wp-content\/uploads\/2025\/12\/MANUAL-DE-CONTABILIDAD-IMPLAN-2025.pdf\">D.6.7 Publica el Manual de Contabilidad vigente<\/a><\/strong><\/td><\/tr><\/tbody><\/table><\/figure>\n\n\n\n<p><\/p>\n","protected":false},"excerpt":{"rendered":"<p>D.1.11 Publica la informaci\u00f3n de los montos efectivamente pagados durante el periodo por concepto de ayudas y subsidios D.2.1 Publica el Estado de Actividades D.2.2 Publica el Estado de Situaci\u00f3n Financiera D.2.3 Publica el Estado de Variaci\u00f3n en la Hacienda P\u00fablica D.2.4 Publica el Estado de Cambios en la Situaci\u00f3n Financiera D.2.5 Publica el Estado [&hellip;]<\/p>\n","protected":false},"author":1,"featured_media":0,"parent":0,"menu_order":0,"comment_status":"closed","ping_status":"closed","template":"","meta":{"site-sidebar-layout":"default","site-content-layout":"","ast-site-content-layout":"default","site-content-style":"default","site-sidebar-style":"default","ast-global-header-display":"","ast-banner-title-visibility":"","ast-main-header-display":"","ast-hfb-above-header-display":"","ast-hfb-below-header-display":"","ast-hfb-mobile-header-display":"","site-post-title":"","ast-breadcrumbs-content":"","ast-featured-img":"","footer-sml-layout":"","theme-transparent-header-meta":"","adv-header-id-meta":"","stick-header-meta":"","header-above-stick-meta":"","header-main-stick-meta":"","header-below-stick-meta":"","astra-migrate-meta-layouts":"set","ast-page-background-enabled":"default","ast-page-background-meta":{"desktop":{"background-color":"","background-image":"","background-repeat":"repeat","background-position":"center center","background-size":"auto","background-attachment":"scroll","background-type":"","background-media":"","overlay-type":"","overlay-color":"","overlay-opacity":"","overlay-gradient":""},"tablet":{"background-color":"","background-image":"","background-repeat":"repeat","background-position":"center center","background-size":"auto","background-attachment":"scroll","background-type":"","background-media":"","overlay-type":"","overlay-color":"","overlay-opacity":"","overlay-gradient":""},"mobile":{"background-color":"","background-image":"","background-repeat":"repeat","background-position":"center center","background-size":"auto","background-attachment":"scroll","background-type":"","background-media":"","overlay-type":"","overlay-color":"","overlay-opacity":"","overlay-gradient":""}},"ast-content-background-meta":{"desktop":{"background-color":"var(--ast-global-color-5)","background-image":"","background-repeat":"repeat","background-position":"center center","background-size":"auto","background-attachment":"scroll","background-type":"","background-media":"","overlay-type":"","overlay-color":"","overlay-opacity":"","overlay-gradient":""},"tablet":{"background-color":"var(--ast-global-color-5)","background-image":"","background-repeat":"repeat","background-position":"center center","background-size":"auto","background-attachment":"scroll","background-type":"","background-media":"","overlay-type":"","overlay-color":"","overlay-opacity":"","overlay-gradient":""},"mobile":{"background-color":"var(--ast-global-color-5)","background-image":"","background-repeat":"repeat","background-position":"center center","background-size":"auto","background-attachment":"scroll","background-type":"","background-media":"","overlay-type":"","overlay-color":"","overlay-opacity":"","overlay-gradient":""}},"footnotes":""},"class_list":["post-2273","page","type-page","status-publish","hentry"],"_links":{"self":[{"href":"https:\/\/www.implan.rosamoradanay.gob.mx\/blog\/wp-json\/wp\/v2\/pages\/2273","targetHints":{"allow":["GET"]}}],"collection":[{"href":"https:\/\/www.implan.rosamoradanay.gob.mx\/blog\/wp-json\/wp\/v2\/pages"}],"about":[{"href":"https:\/\/www.implan.rosamoradanay.gob.mx\/blog\/wp-json\/wp\/v2\/types\/page"}],"author":[{"embeddable":true,"href":"https:\/\/www.implan.rosamoradanay.gob.mx\/blog\/wp-json\/wp\/v2\/users\/1"}],"replies":[{"embeddable":true,"href":"https:\/\/www.implan.rosamoradanay.gob.mx\/blog\/wp-json\/wp\/v2\/comments?post=2273"}],"version-history":[{"count":11,"href":"https:\/\/www.implan.rosamoradanay.gob.mx\/blog\/wp-json\/wp\/v2\/pages\/2273\/revisions"}],"predecessor-version":[{"id":2378,"href":"https:\/\/www.implan.rosamoradanay.gob.mx\/blog\/wp-json\/wp\/v2\/pages\/2273\/revisions\/2378"}],"wp:attachment":[{"href":"https:\/\/www.implan.rosamoradanay.gob.mx\/blog\/wp-json\/wp\/v2\/media?parent=2273"}],"curies":[{"name":"wp","href":"https:\/\/api.w.org\/{rel}","templated":true}]}}